{"id":40,"date":"2024-05-23T21:12:09","date_gmt":"2024-05-23T21:12:09","guid":{"rendered":"https:\/\/bykronborg.dk\/?page_id=40"},"modified":"2025-01-09T19:54:18","modified_gmt":"2025-01-09T18:54:18","slug":"priser-2","status":"publish","type":"page","link":"https:\/\/bykronborg.dk\/?page_id=40","title":{"rendered":"Priser"},"content":{"rendered":"\n<div class=\"wp-block-columns is-layout-flex wp-container-core-columns-is-layout-28f84493 wp-block-columns-is-layout-flex\">\n<div class=\"wp-block-column is-layout-flow wp-block-column-is-layout-flow\">\n<div class=\"wp-block-columns is-layout-flex wp-container-core-columns-is-layout-28f84493 wp-block-columns-is-layout-flex\">\n<div class=\"wp-block-column is-layout-flow wp-block-column-is-layout-flow\">\n<div class=\"wp-block-gutenverse-image guten-element guten-image guten-1DOc2o\"><div class=\"guten-image-wrapper\"><img decoding=\"async\" class=\"gutenverse-image-box-filled\" src=\"https:\/\/bykronborg.dk\/wp-content\/uploads\/2024\/10\/H25A5694-scaled.jpg\" height=\"2560\" width=\"1707\"\/><\/div><\/div>\n<\/div>\n\n\n\n<div class=\"wp-block-column is-layout-flow wp-block-column-is-layout-flow\">\n<div class=\"wp-block-gutenverse-image guten-element guten-image guten-6YlEiU\"><div class=\"guten-image-wrapper\"><img decoding=\"async\" class=\"gutenverse-image-box-filled\" src=\"https:\/\/bykronborg.dk\/wp-content\/uploads\/2025\/01\/H25A0080-scaled.jpg\" height=\"2560\" width=\"1707\"\/><\/div><\/div>\n<\/div>\n\n\n\n<div class=\"wp-block-column is-layout-flow wp-block-column-is-layout-flow\">\n<div class=\"wp-block-gutenverse-image guten-element guten-image guten-vGJ2DV\"><div class=\"guten-image-wrapper\"><img decoding=\"async\" class=\"gutenverse-image-box-filled\" src=\"https:\/\/bykronborg.dk\/wp-content\/uploads\/2025\/01\/H25A8266-scaled.jpg\" height=\"2560\" width=\"1707\"\/><\/div><\/div>\n<\/div>\n<\/div>\n<\/div>\n<\/div>\n\n\n\n<div class=\"wp-block-columns is-layout-flex wp-container-core-columns-is-layout-28f84493 wp-block-columns-is-layout-flex\">\n<div class=\"wp-block-column is-layout-flow wp-block-column-is-layout-flow\">\n<p class=\"has-text-align-center\"><strong>Nyf\u00f8dtfotografering<\/strong><br><strong>2000 kr.<\/strong><br><br>Mor, far og eventuelle s\u00f8skende m\u00e5 meget gerne deltage i fotograferingen<\/p>\n\n\n\n<p class=\"has-text-align-center\">Fotograferingen foreg\u00e5r typisk i jeres hjem<\/p>\n\n\n\n<p class=\"has-text-align-center\">Det anbefales at fotograferingen finder sted inden jeres baby er 14 dage<\/p>\n\n\n\n<p class=\"has-text-align-center\">Der er inkluderet 5 redigerede digitale billeder, som I selv v\u00e6lger<\/p>\n\n\n\n<p class=\"has-text-align-center\">Billederne leveres i et flot online galleri efter fotograferingen<\/p>\n\n\n\n<p class=\"has-text-align-center\">Op til 2 timers fotografering<\/p>\n\n\n\n<p class=\"has-text-align-center\">Det er muligt at tilk\u00f8be ekstra filer &#8211; se tilk\u00f8bspriser l\u00e6ngere nede <br><\/p>\n\n\n\n<p><\/p>\n<\/div>\n\n\n\n<div class=\"wp-block-column is-layout-flow wp-block-column-is-layout-flow\">\n<p class=\"has-text-align-center\"><strong>B\u00f8rne- og familiefotografering<\/strong><br><strong>1700 kr.<\/strong><br><br>G\u00e6lder op til 5 personer fra samme husstand &#8211; herefter 200 kroner pr. person <\/p>\n\n\n\n<p class=\"has-text-align-center\">Der er inkluderet 5 redigerede digitale billeder, som I selv v\u00e6lger<\/p>\n\n\n\n<p class=\"has-text-align-center\">Billederne leveres i et flot online galleri efter fotograferingen <\/p>\n\n\n\n<p class=\"has-text-align-center\">Der er sat op til 60 minutters af til fotograferingen <\/p>\n\n\n\n<p class=\"has-text-align-center\">Det er muligt at tilk\u00f8be ekstra filer &#8211; se tilk\u00f8bspriser l\u00e6ngere nede <\/p>\n<\/div>\n\n\n\n<div class=\"wp-block-column is-layout-flow wp-block-column-is-layout-flow\">\n<p class=\"has-text-align-center\"><strong>Graviditetsfotografering<\/strong><br><strong>1700 kr.<\/strong><br><br>Partner og eventuelle s\u00f8skende m\u00e5 meget gerne deltage i fotograferingen <\/p>\n\n\n\n<p class=\"has-text-align-center\">Det anbefales at fotograferingen finder sted mellem graviditetsuge 28-34<\/p>\n\n\n\n<p class=\"has-text-align-center\">Der er inkluderet 5 redigerede digitale billeder, som I selv v\u00e6lger<\/p>\n\n\n\n<p class=\"has-text-align-center\">Billederne leveres i et flot online galleri efter fotograferingen <\/p>\n\n\n\n<p class=\"has-text-align-center\">Der er sat op til 60 minutter af til fotograferingen <\/p>\n\n\n\n<p class=\"has-text-align-center\">Det er muligt at l\u00e5ne mine flotte graviditetskjoler under fotograferingen <\/p>\n\n\n\n<p class=\"has-text-align-center\">Det er muligt at tilk\u00f8be ekstra filer &#8211; se tilk\u00f8bspriser l\u00e6ngere nede <\/p>\n\n\n\n<p class=\"has-text-align-center\"><\/p>\n<\/div>\n<\/div>\n\n\n\n<div class=\"wp-block-columns is-layout-flex wp-container-core-columns-is-layout-28f84493 wp-block-columns-is-layout-flex\">\n<div class=\"wp-block-column is-layout-flow wp-block-column-is-layout-flow\">\n<div class=\"wp-block-columns is-layout-flex wp-container-core-columns-is-layout-28f84493 wp-block-columns-is-layout-flex\">\n<div class=\"wp-block-column is-layout-flow wp-block-column-is-layout-flow\">\n<div class=\"wp-block-gutenverse-image guten-element guten-image guten-02dOVC\"><div class=\"guten-image-wrapper\"><img decoding=\"async\" class=\"gutenverse-image-box-filled\" src=\"https:\/\/bykronborg.dk\/wp-content\/uploads\/2025\/01\/H25A0503-scaled.jpg\" height=\"2560\" width=\"1707\"\/><\/div><\/div>\n<\/div>\n\n\n\n<div class=\"wp-block-column is-layout-flow wp-block-column-is-layout-flow\">\n<div class=\"wp-block-gutenverse-image guten-element guten-image guten-pvVWpD\"><div class=\"guten-image-wrapper\"><img decoding=\"async\" class=\"gutenverse-image-box-filled\" src=\"https:\/\/bykronborg.dk\/wp-content\/uploads\/2025\/01\/H25A0252-scaled.jpg\" height=\"2560\" width=\"1707\"\/><\/div><\/div>\n<\/div>\n\n\n\n<div class=\"wp-block-column is-layout-flow wp-block-column-is-layout-flow\">\n<div class=\"wp-block-gutenverse-image guten-element guten-image guten-sda1mJ\"><div class=\"guten-image-wrapper\"><img decoding=\"async\" class=\"gutenverse-image-box-filled\" src=\"https:\/\/bykronborg.dk\/wp-content\/uploads\/2025\/01\/H25A4347-scaled.jpg\" height=\"2560\" width=\"1707\"\/><\/div><\/div>\n<\/div>\n<\/div>\n<\/div>\n<\/div>\n\n\n\n<div class=\"wp-block-columns is-layout-flex wp-container-core-columns-is-layout-28f84493 wp-block-columns-is-layout-flex\">\n<div class=\"wp-block-column is-layout-flow wp-block-column-is-layout-flow\">\n<p class=\"has-text-align-center\"><strong>Bryllupspakke 1 &#8211; vielse &amp; portr\u00e6tter<br>Op til 3 timers fotografering <br>Pris: 6800 kr.<\/strong><br><br>Form\u00f8de enten telefonisk eller via Teams inden brylluppet<\/p>\n\n\n\n<p class=\"has-text-align-center\">Gommens, g\u00e6sternes og brudens ankomst til kirken samt stemningsbilleder inden vielsen<\/p>\n\n\n\n<p class=\"has-text-align-center\">Billeder under selve vielsen samt stemningsbilleder efterf\u00f8lgende<\/p>\n\n\n\n<p class=\"has-text-align-center\">Lyk\u00f8nskninger og riskast <\/p>\n\n\n\n<p class=\"has-text-align-center\">Portr\u00e6tfotografering p\u00e5 udvalgt lokation <\/p>\n\n\n\n<p class=\"has-text-align-center\">Smukt online galleri med minimum 200 redigerede digitale billeder<\/p>\n\n\n\n<p class=\"has-text-align-center\"><\/p>\n\n\n\n<p class=\"has-text-align-center\"><\/p>\n\n\n\n<p class=\"has-text-align-center\"><br><\/p>\n\n\n\n<p><\/p>\n<\/div>\n\n\n\n<div class=\"wp-block-column is-layout-flow wp-block-column-is-layout-flow\">\n<p class=\"has-text-align-center\"><strong>Bryllupspakke 2 &#8211; vielse, portr\u00e6tter &amp; reception<br>Op til 5 timers fotografering<br>Pris: 9800 kr.<\/strong><br><br>Form\u00f8de enten telefonisk eller via Teams inden brylluppet<\/p>\n\n\n\n<p class=\"has-text-align-center\">Gommens, g\u00e6sternes og brudens ankomst til kirken samt stemningsbilleder inden vielsen <\/p>\n\n\n\n<p class=\"has-text-align-center\">Billeder under selve vielsen samt stemningsbilleder efterf\u00f8lgende<\/p>\n\n\n\n<p class=\"has-text-align-center\">Lyk\u00f8nskninger og riskast <\/p>\n\n\n\n<p class=\"has-text-align-center\">Portr\u00e6tfotografering p\u00e5 udvalgt lokation <\/p>\n\n\n\n<p class=\"has-text-align-center\">Reception &#8211; herunder sk\u00e6ring af bryllupskage <\/p>\n\n\n\n<p>Mulighed for gruppefoto samt portr\u00e6tfoto af\/med g\u00e6sterne <\/p>\n\n\n\n<p>Smukt online galleri med minimum 350 redigerede billeder<\/p>\n<\/div>\n\n\n\n<div class=\"wp-block-column is-layout-flow wp-block-column-is-layout-flow\">\n<p class=\"has-text-align-center\"><strong>Bryllupspakke 3 &#8211; fra vielse til vals<br>10-12 timers fotografering<br>Pris: 16995 kr.<\/strong><br><br>Form\u00f8de enten telefonisk eller via Teams inden brylluppet<\/p>\n\n\n\n<p class=\"has-text-align-center\">Gommens, g\u00e6sternes og brudens ankomst til kirken samt stemningsbilleder inden vielsen <\/p>\n\n\n\n<p class=\"has-text-align-center\">Billeder under selve vielsen samt stemningsbilleder efterf\u00f8lgende<\/p>\n\n\n\n<p class=\"has-text-align-center\">Lyk\u00f8nskninger og riskast <\/p>\n\n\n\n<p class=\"has-text-align-center\">Portr\u00e6tfotografering p\u00e5 udvalgt lokation <\/p>\n\n\n\n<p class=\"has-text-align-center\">Reception &#8211; herunder sk\u00e6ring af bryllupskage <\/p>\n\n\n\n<p>Mulighed for gruppefoto samt portr\u00e6tfoto af\/med g\u00e6sterne <\/p>\n\n\n\n<p>Detaljebilleder af bordd\u00e6kningen <\/p>\n\n\n\n<p>Mulighed for Golden hour shoot (portr\u00e6tfotografering i solnedgangen) <\/p>\n\n\n\n<p>Stemningsbilleder fra middagen, taler og festlige indslag <\/p>\n\n\n\n<p>Billeder fra brudevals<\/p>\n\n\n\n<p>Smukt online galleri med minimum 550 redigerede billeder<\/p>\n\n\n\n<p><\/p>\n\n\n\n<p class=\"has-text-align-center\"><\/p>\n<\/div>\n<\/div>\n","protected":false},"excerpt":{"rendered":"<p>Nyf\u00f8dtfotografering2000 kr. Mor, far og eventuelle s\u00f8skende m\u00e5 meget gerne deltage i fotograferingen Fotograferingen foreg\u00e5r typisk i jeres hjem Det anbefales at fotograferingen finder sted inden jeres baby er 14 dage Der er inkluderet 5 redigerede digitale billeder, som I selv v\u00e6lger Billederne leveres i et flot online galleri efter fotograferingen Op til 2 timers [&hellip;]<\/p>\n","protected":false},"author":1,"featured_media":0,"parent":0,"menu_order":0,"comment_status":"closed","ping_status":"closed","template":"","meta":{"footnotes":""},"class_list":["post-40","page","type-page","status-publish","hentry"],"yoast_head":"<!-- This site is optimized with the Yoast SEO plugin v26.7 - https:\/\/yoast.com\/wordpress\/plugins\/seo\/ -->\n<title>Priser - By Kronborg Photography<\/title>\n<meta name=\"robots\" content=\"index, follow, max-snippet:-1, max-image-preview:large, max-video-preview:-1\" \/>\n<link rel=\"canonical\" href=\"https:\/\/bykronborg.dk\/?page_id=40\" \/>\n<meta property=\"og:locale\" content=\"da_DK\" \/>\n<meta property=\"og:type\" content=\"article\" \/>\n<meta property=\"og:title\" content=\"Priser - By Kronborg Photography\" \/>\n<meta property=\"og:description\" content=\"Nyf\u00f8dtfotografering2000 kr. Mor, far og eventuelle s\u00f8skende m\u00e5 meget gerne deltage i fotograferingen Fotograferingen foreg\u00e5r typisk i jeres hjem Det anbefales at fotograferingen finder sted inden jeres baby er 14 dage Der er inkluderet 5 redigerede digitale billeder, som I selv v\u00e6lger Billederne leveres i et flot online galleri efter fotograferingen Op til 2 timers [&hellip;]\" \/>\n<meta property=\"og:url\" content=\"https:\/\/bykronborg.dk\/?page_id=40\" \/>\n<meta property=\"og:site_name\" content=\"By Kronborg Photography\" \/>\n<meta property=\"article:modified_time\" content=\"2025-01-09T18:54:18+00:00\" \/>\n<meta property=\"og:image\" content=\"https:\/\/bykronborg.dk\/wp-content\/uploads\/2024\/10\/H25A5694-scaled.jpg\" \/>\n<meta name=\"twitter:card\" content=\"summary_large_image\" \/>\n<meta name=\"twitter:label1\" content=\"Estimeret l\u00e6setid\" \/>\n\t<meta name=\"twitter:data1\" content=\"4 minutter\" \/>\n<script type=\"application\/ld+json\" class=\"yoast-schema-graph\">{\"@context\":\"https:\/\/schema.org\",\"@graph\":[{\"@type\":\"WebPage\",\"@id\":\"https:\/\/bykronborg.dk\/?page_id=40\",\"url\":\"https:\/\/bykronborg.dk\/?page_id=40\",\"name\":\"Priser - By Kronborg Photography\",\"isPartOf\":{\"@id\":\"https:\/\/bykronborg.dk\/#website\"},\"primaryImageOfPage\":{\"@id\":\"https:\/\/bykronborg.dk\/?page_id=40#primaryimage\"},\"image\":{\"@id\":\"https:\/\/bykronborg.dk\/?page_id=40#primaryimage\"},\"thumbnailUrl\":\"https:\/\/bykronborg.dk\/wp-content\/uploads\/2024\/10\/H25A5694-scaled.jpg\",\"datePublished\":\"2024-05-23T21:12:09+00:00\",\"dateModified\":\"2025-01-09T18:54:18+00:00\",\"breadcrumb\":{\"@id\":\"https:\/\/bykronborg.dk\/?page_id=40#breadcrumb\"},\"inLanguage\":\"da-DK\",\"potentialAction\":[{\"@type\":\"ReadAction\",\"target\":[\"https:\/\/bykronborg.dk\/?page_id=40\"]}]},{\"@type\":\"ImageObject\",\"inLanguage\":\"da-DK\",\"@id\":\"https:\/\/bykronborg.dk\/?page_id=40#primaryimage\",\"url\":\"https:\/\/bykronborg.dk\/wp-content\/uploads\/2024\/10\/H25A5694-scaled.jpg\",\"contentUrl\":\"https:\/\/bykronborg.dk\/wp-content\/uploads\/2024\/10\/H25A5694-scaled.jpg\",\"width\":1707,\"height\":2560},{\"@type\":\"BreadcrumbList\",\"@id\":\"https:\/\/bykronborg.dk\/?page_id=40#breadcrumb\",\"itemListElement\":[{\"@type\":\"ListItem\",\"position\":1,\"name\":\"Hjem\",\"item\":\"https:\/\/bykronborg.dk\/\"},{\"@type\":\"ListItem\",\"position\":2,\"name\":\"Priser\"}]},{\"@type\":\"WebSite\",\"@id\":\"https:\/\/bykronborg.dk\/#website\",\"url\":\"https:\/\/bykronborg.dk\/\",\"name\":\"By Kronborg Photography\",\"description\":\"\",\"publisher\":{\"@id\":\"https:\/\/bykronborg.dk\/#organization\"},\"potentialAction\":[{\"@type\":\"SearchAction\",\"target\":{\"@type\":\"EntryPoint\",\"urlTemplate\":\"https:\/\/bykronborg.dk\/?s={search_term_string}\"},\"query-input\":{\"@type\":\"PropertyValueSpecification\",\"valueRequired\":true,\"valueName\":\"search_term_string\"}}],\"inLanguage\":\"da-DK\"},{\"@type\":\"Organization\",\"@id\":\"https:\/\/bykronborg.dk\/#organization\",\"name\":\"By Kronborg Photography\",\"url\":\"https:\/\/bykronborg.dk\/\",\"logo\":{\"@type\":\"ImageObject\",\"inLanguage\":\"da-DK\",\"@id\":\"https:\/\/bykronborg.dk\/#\/schema\/logo\/image\/\",\"url\":\"https:\/\/bykronborg.dk\/wp-content\/uploads\/2024\/10\/ByKronborg_black.png\",\"contentUrl\":\"https:\/\/bykronborg.dk\/wp-content\/uploads\/2024\/10\/ByKronborg_black.png\",\"width\":1200,\"height\":448,\"caption\":\"By Kronborg Photography\"},\"image\":{\"@id\":\"https:\/\/bykronborg.dk\/#\/schema\/logo\/image\/\"}}]}<\/script>\n<!-- \/ Yoast SEO plugin. -->","yoast_head_json":{"title":"Priser - By Kronborg Photography","robots":{"index":"index","follow":"follow","max-snippet":"max-snippet:-1","max-image-preview":"max-image-preview:large","max-video-preview":"max-video-preview:-1"},"canonical":"https:\/\/bykronborg.dk\/?page_id=40","og_locale":"da_DK","og_type":"article","og_title":"Priser - By Kronborg Photography","og_description":"Nyf\u00f8dtfotografering2000 kr. Mor, far og eventuelle s\u00f8skende m\u00e5 meget gerne deltage i fotograferingen Fotograferingen foreg\u00e5r typisk i jeres hjem Det anbefales at fotograferingen finder sted inden jeres baby er 14 dage Der er inkluderet 5 redigerede digitale billeder, som I selv v\u00e6lger Billederne leveres i et flot online galleri efter fotograferingen Op til 2 timers [&hellip;]","og_url":"https:\/\/bykronborg.dk\/?page_id=40","og_site_name":"By Kronborg Photography","article_modified_time":"2025-01-09T18:54:18+00:00","og_image":[{"url":"https:\/\/bykronborg.dk\/wp-content\/uploads\/2024\/10\/H25A5694-scaled.jpg","type":"","width":"","height":""}],"twitter_card":"summary_large_image","twitter_misc":{"Estimeret l\u00e6setid":"4 minutter"},"schema":{"@context":"https:\/\/schema.org","@graph":[{"@type":"WebPage","@id":"https:\/\/bykronborg.dk\/?page_id=40","url":"https:\/\/bykronborg.dk\/?page_id=40","name":"Priser - By Kronborg Photography","isPartOf":{"@id":"https:\/\/bykronborg.dk\/#website"},"primaryImageOfPage":{"@id":"https:\/\/bykronborg.dk\/?page_id=40#primaryimage"},"image":{"@id":"https:\/\/bykronborg.dk\/?page_id=40#primaryimage"},"thumbnailUrl":"https:\/\/bykronborg.dk\/wp-content\/uploads\/2024\/10\/H25A5694-scaled.jpg","datePublished":"2024-05-23T21:12:09+00:00","dateModified":"2025-01-09T18:54:18+00:00","breadcrumb":{"@id":"https:\/\/bykronborg.dk\/?page_id=40#breadcrumb"},"inLanguage":"da-DK","potentialAction":[{"@type":"ReadAction","target":["https:\/\/bykronborg.dk\/?page_id=40"]}]},{"@type":"ImageObject","inLanguage":"da-DK","@id":"https:\/\/bykronborg.dk\/?page_id=40#primaryimage","url":"https:\/\/bykronborg.dk\/wp-content\/uploads\/2024\/10\/H25A5694-scaled.jpg","contentUrl":"https:\/\/bykronborg.dk\/wp-content\/uploads\/2024\/10\/H25A5694-scaled.jpg","width":1707,"height":2560},{"@type":"BreadcrumbList","@id":"https:\/\/bykronborg.dk\/?page_id=40#breadcrumb","itemListElement":[{"@type":"ListItem","position":1,"name":"Hjem","item":"https:\/\/bykronborg.dk\/"},{"@type":"ListItem","position":2,"name":"Priser"}]},{"@type":"WebSite","@id":"https:\/\/bykronborg.dk\/#website","url":"https:\/\/bykronborg.dk\/","name":"By Kronborg Photography","description":"","publisher":{"@id":"https:\/\/bykronborg.dk\/#organization"},"potentialAction":[{"@type":"SearchAction","target":{"@type":"EntryPoint","urlTemplate":"https:\/\/bykronborg.dk\/?s={search_term_string}"},"query-input":{"@type":"PropertyValueSpecification","valueRequired":true,"valueName":"search_term_string"}}],"inLanguage":"da-DK"},{"@type":"Organization","@id":"https:\/\/bykronborg.dk\/#organization","name":"By Kronborg Photography","url":"https:\/\/bykronborg.dk\/","logo":{"@type":"ImageObject","inLanguage":"da-DK","@id":"https:\/\/bykronborg.dk\/#\/schema\/logo\/image\/","url":"https:\/\/bykronborg.dk\/wp-content\/uploads\/2024\/10\/ByKronborg_black.png","contentUrl":"https:\/\/bykronborg.dk\/wp-content\/uploads\/2024\/10\/ByKronborg_black.png","width":1200,"height":448,"caption":"By Kronborg Photography"},"image":{"@id":"https:\/\/bykronborg.dk\/#\/schema\/logo\/image\/"}}]}},"_links":{"self":[{"href":"https:\/\/bykronborg.dk\/index.php?rest_route=\/wp\/v2\/pages\/40","targetHints":{"allow":["GET"]}}],"collection":[{"href":"https:\/\/bykronborg.dk\/index.php?rest_route=\/wp\/v2\/pages"}],"about":[{"href":"https:\/\/bykronborg.dk\/index.php?rest_route=\/wp\/v2\/types\/page"}],"author":[{"embeddable":true,"href":"https:\/\/bykronborg.dk\/index.php?rest_route=\/wp\/v2\/users\/1"}],"replies":[{"embeddable":true,"href":"https:\/\/bykronborg.dk\/index.php?rest_route=%2Fwp%2Fv2%2Fcomments&post=40"}],"version-history":[{"count":9,"href":"https:\/\/bykronborg.dk\/index.php?rest_route=\/wp\/v2\/pages\/40\/revisions"}],"predecessor-version":[{"id":439,"href":"https:\/\/bykronborg.dk\/index.php?rest_route=\/wp\/v2\/pages\/40\/revisions\/439"}],"wp:attachment":[{"href":"https:\/\/bykronborg.dk\/index.php?rest_route=%2Fwp%2Fv2%2Fmedia&parent=40"}],"curies":[{"name":"wp","href":"https:\/\/api.w.org\/{rel}","templated":true}]}}